

{"id":16,"date":"2009-10-07T17:15:42","date_gmt":"2009-10-07T15:15:42","guid":{"rendered":"http:\/\/www.nanocomp.com\/?page_id=16"},"modified":"2018-04-23T12:55:12","modified_gmt":"2018-04-23T10:55:12","slug":"impressum","status":"publish","type":"page","link":"https:\/\/www.nanocomp.com\/?page_id=16","title":{"rendered":"Impressum"},"content":{"rendered":"<p>Nano-Comp electronic GmbH<br \/>\nFranz-Wenzeler-Str. 2a<br \/>\n50259 Pulheim<\/p>\n<p>Amtsgericht K\u00f6ln: HRB 40765<br \/>\nSteuer-Nr.: 203\/5770\/0044<br \/>\nGesch\u00e4ftsf\u00fchrer: Moritz Grosse<\/p>\n<p>Tel.: 02234-9111-2001<br \/>\nFax.: 02234-986267<br \/>\n<a onclick=\"o='@';o='info'+o;o='mailto:'+o;o+='nanocomp.com';this.href=o;\" href=\"#\"><script type=\"text\/javascript\">\/\/ <![CDATA[\n     o='@';o='&#105;&#110;&#102;&#111;'+o;o+='nanocomp.com';document.write(o);\n\/\/ ]]><\/script><\/a><\/p>\n<p><tt>Haftungsausschluss \/ Disclaimer:<\/tt><\/p>\n<p><tt>1. Inhalt des Onlineangebotes<\/tt><\/p>\n<p><tt>Der Autor \u00fcbernimmt keinerlei Gew\u00e4hr f\u00fcr die Aktualit\u00e4t, Korrektheit, Vollst\u00e4ndigkeit oder Qualit\u00e4t der bereitgestellten Informationen. Haftungsanspr\u00fcche gegen den Autor, welche sich auf Sch\u00e4den materieller oder ideeller Art beziehen, die durch die Nutzung oder Nichtnutzung der dargebotenen Informationen bzw. durch die Nutzung fehlerhafter und unvollst\u00e4ndiger Informationen verursacht wurden sind grunds\u00e4tzlich ausgeschlossen, sofern seitens des Autors kein nachweislich vors\u00e4tzliches oder grob fahrl\u00e4ssiges Verschulden vorliegt. Alle Angebote sind freibleibend und unverbindlich. Der Autor beh\u00e4lt es sich ausdr\u00fccklich vor, Teile der Seiten oder das gesamte Angebot ohne gesonderte Ank\u00fcndigung zu ver\u00e4ndern, zu erg\u00e4nzen, zu l\u00f6schen oder die Ver\u00f6ffentlichung zeitweise oder endg\u00fcltig einzustellen.<\/tt><\/p>\n<p><tt>2. Verweise und Links<\/tt><\/p>\n<p><tt>Bei direkten oder indirekten Verweisen auf fremde Internetseiten (\"Links\"), die au\u00dferhalb des Verantwortungsbereiches des Autors liegen, w\u00fcrde eine Haftungsverpflichtung ausschlie\u00dflich in dem Fall in Kraft treten, in dem der Autor von den Inhalten Kenntnis hat und es ihm technisch m\u00f6glich und zumutbar w\u00e4re, die Nutzung im Falle rechtswidriger Inhalte zu verhindern. Der Autor erkl\u00e4rt daher ausdr\u00fccklich, dass zum Zeitpunkt der Linksetzung die entsprechenden verlinkten Seiten frei von illegalen Inhalten waren. Der Autor hat keinerlei Einfluss auf die aktuelle und zuk\u00fcnftige Gestaltung und auf die Inhalte der gelinkten\/verkn\u00fcpften Seiten. Deshalb distanziert er sich hiermit ausdr\u00fccklich von allen Inhalten aller gelinkten \/verkn\u00fcpften Seiten, die nach der Linksetzung ver\u00e4ndert wurden. Diese Feststellung gilt f\u00fcr alle innerhalb des eigenen Internetangebotes gesetzten Links und Verweise sowie f\u00fcr Fremdeintr\u00e4ge in vom Autor eingerichteten G\u00e4steb\u00fcchern, Diskussionsforen und Mailinglisten. F\u00fcr illegale, fehlerhafte oder unvollst\u00e4ndige Inhalte und insbesondere f\u00fcr Sch\u00e4den, die aus der Nutzung oder Nichtnutzung solcherart dargebotener Informationen entstehen, haftet allein der Anbieter der Seite, auf welche verwiesen wurde, nicht derjenige, der \u00fcber Links auf die jeweilige Ver\u00f6ffentlichung lediglich verweist.<\/tt><\/p>\n<p><tt>3. Urheber- und Kennzeichenrecht<\/tt><\/p>\n<p><tt>Der Autor ist bestrebt, in allen Publikationen die Urheberrechte der verwendeten Grafiken, Tondokumente, Videosequenzen und Texte zu beachten, von ihm selbst erstellte Grafiken, Tondokumente, Videosequenzen und Texte zu nutzen oder auf lizenzfreie Grafiken, Tondokumente, Videosequenzen und Texte zur\u00fcckzugreifen. Alle innerhalb des Internetangebotes genannten und ggf. durch Dritte gesch\u00fctzten Marken- und Warenzeichen unterliegen uneingeschr\u00e4nkt den Bestimmungen des jeweils g\u00fcltigen Kennzeichenrechts und den Besitzrechten der jeweiligen eingetragenen Eigent\u00fcmer. Allein aufgrund der blo\u00dfen Nennung ist nicht der Schluss zu ziehen, dass Markenzeichen nicht durch Rechte Dritter gesch\u00fctzt sind! Das Copyright f\u00fcr ver\u00f6ffentlichte, vom Autor selbst erstellte Objekte bleibt allein beim Autor der Seiten. Eine Vervielf\u00e4ltigung oder Verwendung solcher Grafiken, Tondokumente, Videosequenzen und Texte in anderen elektronischen oder gedruckten Publikationen ist ohne ausdr\u00fcckliche Zustimmung des Autors nicht gestattet.<\/tt><\/p>\n<p><tt>4. Rechtswirksamkeit dieses Haftungsausschlusses<\/tt><\/p>\n<p><tt>Dieser Haftungsausschluss ist als Teil des Internetangebotes zu betrachten, von dem aus auf diese Seite verwiesen wurde. Sofern Teile oder einzelne Formulierungen dieses Textes der geltenden Rechtslage nicht, nicht mehr oder nicht vollst\u00e4ndig entsprechen sollten, bleiben die \u00fcbrigen Teile des Dokumentes in ihrem Inhalt und ihrer G\u00fcltigkeit davon unber\u00fchrt.<\/tt><\/p>\n<p><tt><strong>AGB der Nano-Comp GmbH<\/strong><\/tt><\/p>\n<p><tt>Allgemeine Gesch\u00e4ftsbedingungen <\/tt><br \/>\n<tt>Nano-Comp electronic GmbH <\/tt><\/p>\n<p><tt>g\u00fcltig ab 01. Januar 2018  <\/tt><\/p>\n<p><tt>1. Allgemeines<br \/>\n1.1 Der Vertrag zwischen dem Auftraggeber und dem Auftragnehmer Nano-Comp electronic GmbH kommt durch die Unterzeichnung beider Vertragsparteien zustande.<br \/>\n1.2 Die Allgemeinen Gesch\u00e4ftsbedingungen (AGB) sind die Grundlage der Vertragsabschl\u00fcsse mit der Nano-Comp electronic GmbH. Ihr Geltungsbereich umfa\u00dft auch s\u00e4mtliche zuk\u00fcnftigen Gesch\u00e4ftsbeziehungen ohne ausdr\u00fcckliche Vereinbarung. <\/p>\n<p>2. Leistungsumfang<br \/>\n2.1 Art und Umfang der Leistungen ergeben sich aus der Leistungsbeschreibung der Nano-Comp electronic GmbH sowie den entsprechenden Angaben im Vertrag.<br \/>\n2.2 Die Leistungsbeschreibung liegt zur Einsichtnahme am Sitz der Nano-Comp electronic GmbH aus.<br \/>\n2.3 Auf dem Gebiet der Bundesrepublik Deutschland werden die Leistungen auf Grundlage externer Leitungszulieferer erbracht.<br \/>\n2.4 Die Nano-Comp electronic GmbH beh\u00e4lt sich das Recht vor, Leistungen zu verbessern, zu erweitern oder zu \u00e4ndern, soweit dies die vertraglichen Vereinbarungen nicht negativ beeinflu\u00dft.<br \/>\n2.5 Von der Nano-Comp electronic GmbH kostenlos vertragsunabh\u00e4ngig erbrachte Leistungen k\u00f6nnen jederzeit eingestellt werden. Ein Anspruch auf Minderung, Erstattung oder Schadensersatz ergibt sich f\u00fcr den Auftraggeber nicht.<br \/>\n2.6 Das Recht zur Nutzung an einer von der Nano-Comp electronic GmbH entwickelten oder bereitgestellten Software ist auf den Auftraggeber beschr\u00e4nkt. Wird das Recht auf Dritte \u00fcbertragen - hierzu bedarf es der ausdr\u00fccklichen schriftlichen Genehmigung durch die Nano-Comp electronic GmbH -, m\u00fcssen s\u00e4mtliche Kopien den Original-Copyright-Vermerk sowie alle sonstigen Schutzvermerke tragen. Alle Urheberrechte bleiben vorbehalten.<\/p>\n<p>3. Pflichten des Auftraggebers<br \/>\nDer Auftraggeber ist zur sachgerechten Nutzung der Dienste der Nano-Comp electronic GmbH verpflichtet. Er ist insbesondere verpflichtet,<br \/>\na) die vereinbarten Entgelte fristgerecht zu zahlen;<br \/>\nb) den Auftragnehmer unverz\u00fcglich dar\u00fcber zu informieren, da\u00df die Voraussetzungen des vertraglich bestimmten Tarifs nicht l\u00e4nger bestehen;<br \/>\nc) rechtswidrige Handlungen und mi\u00dfbr\u00e4uchliche Nutzung zu unterlassen;<br \/>\nd) Schadensereignisse, die Anspr\u00fcche gegen die Nano-Comp electronic GmbH zur Folge haben k\u00f6nnten, sind dieser unverz\u00fcglich - sp\u00e4testens innerhalb einer Woche - schriftlich anzuzeigen. In diesem Zusammenhang ist der Auftraggeber ferner verpflichtet, im Rahmen des Zumutbaren Ma\u00dfnahmen zur Schadensbegrenzung einzuleiten.<br \/>\nDie Verpflichtung zur unverz\u00fcglichen Anzeige gilt auch bei Anspr\u00fcchen an den Auftraggeber wegen der Verletzung eines Patentrechts oder eines sonstigen Ausschlie\u00dflichkeitsrechts. In diesem Fall soll der Auftraggeber rechtliche Schritte der Nano-Comp electronic GmbH \u00fcberlassen.<br \/>\ne) jede \u00c4nderung in der Person des Auftraggebers und von f\u00fcr den Auftragnehmer relevanten pers\u00f6nlichen Daten, bspw. Bankverbindung und Anschrift, unverz\u00fcglich anzuzeigen.<\/p>\n<p>4. Entgelt<br \/>\n4.1 Die Verpflichtung zur Zahlung des vertraglich vereinbarten Entgelts beginnt mit dem Tage der betriebsf\u00e4higen Bereitstellung. Ist das Entgelt nur f\u00fcr einen Teil des Kalendermonats in Rechnung zu stellen, wird jeder Tag mit 1\/30 Monatsentgelt berechnet.<br \/>\n4.2 Das vereinbarte Entgelt ist, sofern nicht anderes vereinbart ist, monatlich im voraus zu zahlen.<br \/>\n4.3 Rechnungen f\u00fcr Warenlieferungen und zus\u00e4tzliche Dienstleistungen sind sp\u00e4testens 14 Tage nach Rechnungsstellung ohne Abzug zahlbar. Bis zur Zahlung des vereinbarten Kaufpreises bleibt die Ware Eigentum der Nano-Comp electronic GmbH.<br \/>\n4.4 Wurde vom Auftraggeber keine Einzugserm\u00e4chtigung erteilt, mu\u00df der Rechnungsbetrag sp\u00e4testens am zehnten Tag nach Zugang der Rechnung dem angegebenen Konto der Nano-Comp electronic GmbH gutgeschrieben sein.<br \/>\n4.5 Die Aufrechnung des Entgelts mit Forderungen des Auftraggebers an die Nano-Comp electronic GmbH ist nicht zul\u00e4ssig, es sei denn, die Forderung ist unbestritten oder rechtskr\u00e4ftig festgestellt. Dies gilt auch f\u00fcr Zur\u00fcckbehaltungen.<br \/>\n4.6 Behauptet der Auftraggeber, ihm in Rechnung gestellte Geb\u00fchren nicht verursacht zu haben, hat er dies zu beweisen.<br \/>\n4.7 Bei Eintritt von Zahlungsverzug ist die Nano-Comp electronic GmbH berechtigt, die vereinbarte Leistung zu unterbrechen oder zu verweigern. Dadurch wird der Auftraggeber nicht von seinen Zahlungsverpflichtungen befreit. Die Nano-Comp electronic GmbH ist dar\u00fcber hinaus erm\u00e4chtigt, vom betreffenden Zeitpunkt an die Forderungen handels\u00fcblich zu verzinsen. Die Geltendmachung weiterer Anspr\u00fcche beh\u00e4lt sich die Nano-Comp electronic GmbH vor.  <\/p>\n<p>5. Vertragsdauer<br \/>\n5.1 Der Vertrag l\u00e4uft, soweit nicht Abweichendes schriftlich vereinbart wurde, auf ein Jahr. Wird er nicht drei Monate vor Ablauf der Vertragszeit gek\u00fcndigt, so verl\u00e4ngert sich die Vertragslaufzeit um ein Jahr.<br \/>\n5.2 Die Nano-Comp electronic GmbH hat unter anderem in folgenden F\u00e4llen das Recht, den Vertrag nach erfolgloser Abmahnung fristlos zu k\u00fcndigen:<br \/>\na) Bei Versto\u00df des Auftraggebers gegen seine in 3.a) b) und c) genannten Pflichten.<br \/>\nb) Bei Aufl\u00f6sung des f\u00fcr den Auftraggeber zust\u00e4ndigen POP (Point of Presence) der Nano-Comp electronic GmbH.<br \/>\nc) Bei Beendigung der Unternehmenst\u00e4tigkeit der Nano-Comp electronic GmbH.<\/p>\n<p>6. Haftung und Haftungsbeschr\u00e4nkung<br \/>\n6.1 Schadensersatzanspr\u00fcche jeglicher Art, gleich aus welchem Rechtsgrund, sind sowohl gegen\u00fcber der Nano-Comp electronic GmbH als auch direkt gegen die Mitarbeiter ausgeschlossen, soweit nicht vors\u00e4tzliches oder grob fahrl\u00e4ssiges Handeln vorliegt.<br \/>\n6.2 Die Nano-Comp electronic GmbH haftet f\u00fcr Sch\u00e4den, die durch sie, ihre gesetzlichen Vertreter oder ihre Erf\u00fcllungsgehilfen verursacht worden sind, soweit im Rahmen ihres Haftpflichtversicherungsvertrages Versicherungsschutz gegeben ist.<br \/>\n6.3 Ausgeschlossen sind Schadensersatzanspr\u00fcche aufgrund von Sch\u00e4den, die mit den vertraglich vereinbarten Leistung nicht in Zusammenhang stehen.<br \/>\n6.4 Die Nano-Comp electronic GmbH hat Liefer- und Leistungsverz\u00f6gerungen aufgrund h\u00f6herer Gewalt und von Ereignissen, die die vertragsgem\u00e4\u00df von der Nano-Comp electronic GmbH zu erbringende Leistung unm\u00f6glich machen oder erheblich erschweren, nicht zu vertreten. Dies gilt auch f\u00fcr den Ausfall von Diensten wegen einer au\u00dferhalb des Verantwortungsbereichs der Nano-Comp electronic GmbH liegenden St\u00f6rung.<\/p>\n<p>6.5 Die Nano-Comp electronic GmbH haftet weder f\u00fcr die Richtigkeit, Vollst\u00e4ndigkeit oder Aktualit\u00e4t der \u00fcber ihre Dienste \u00fcbermittelten Informationen, noch daf\u00fcr, da\u00df diese frei von Rechten Dritter sind oder der Sender rechtswidrig handelt, indem er die Informationen \u00fcbermittelt.<br \/>\n6.6 Sobald eine Ware zur \u00dcbergabe an den Auftraggeber die B\u00fcror\u00e4ume der Nano-Comp electronic GmbH verlassen hat oder an die den Transport durchf\u00fchrende Person \u00fcbergeben wurde, geht die Gefahr auf den Auftraggeber \u00fcber.<\/p>\n<p>7. Ausf\u00fchrung durch andere Unternehmen<br \/>\nDie Nano-Comp electronic GmbH ist - in \u00dcbereinstimmung mit dem Auftraggeber - dazu berechtigt, sich zur Erf\u00fcllung ihrer vertraglich geregelten Verpflichtungen anderer Unternehmen zu bedienen.<\/p>\n<p>8. Vertragswirksamkeit<br \/>\n8.1 \u00c4nderungen dieses Vertrages bed\u00fcrfen der Schriftform.<br \/>\n8.2 Sollten eine oder mehrere Bestimmungen dieses Vertrages rechtsunwirksam sein, so sollen sie derart umgedeutet werden, da\u00df der mit der ung\u00fcltigen Bestimmung verbundene wirtschaftliche Zweck erreicht wird. Die Wirksamkeit des Vertrages wird dadurch nicht ber\u00fchrt.<\/p>\n<p>9. Gerichtsstand<br \/>\nGerichtsstand ist Bergheim.<\/tt><\/p>\n","protected":false},"excerpt":{"rendered":"<p>Nano-Comp electronic GmbH Franz-Wenzeler-Str. 2a 50259 Pulheim Amtsgericht K\u00f6ln: HRB 40765 Steuer-Nr.: 203\/5770\/0044 Gesch\u00e4ftsf\u00fchrer: Moritz Grosse Tel.: 02234-9111-2001 Fax.: 02234-986267 Haftungsausschluss \/ Disclaimer: 1. Inhalt des Onlineangebotes Der Autor \u00fcbernimmt keinerlei Gew\u00e4hr f\u00fcr die Aktualit\u00e4t, Korrektheit, Vollst\u00e4ndigkeit oder Qualit\u00e4t der bereitgestellten Informationen. Haftungsanspr\u00fcche gegen den Autor, welche sich auf Sch\u00e4den materieller oder ideeller Art beziehen, [&hellip;]<\/p>\n","protected":false},"author":1,"featured_media":0,"parent":0,"menu_order":10,"comment_status":"open","ping_status":"open","template":"","meta":{"footnotes":""},"_links":{"self":[{"href":"https:\/\/www.nanocomp.com\/index.php?rest_route=\/wp\/v2\/pages\/16"}],"collection":[{"href":"https:\/\/www.nanocomp.com\/index.php?rest_route=\/wp\/v2\/pages"}],"about":[{"href":"https:\/\/www.nanocomp.com\/index.php?rest_route=\/wp\/v2\/types\/page"}],"author":[{"embeddable":true,"href":"https:\/\/www.nanocomp.com\/index.php?rest_route=\/wp\/v2\/users\/1"}],"replies":[{"embeddable":true,"href":"https:\/\/www.nanocomp.com\/index.php?rest_route=%2Fwp%2Fv2%2Fcomments&post=16"}],"version-history":[{"count":7,"href":"https:\/\/www.nanocomp.com\/index.php?rest_route=\/wp\/v2\/pages\/16\/revisions"}],"predecessor-version":[{"id":323,"href":"https:\/\/www.nanocomp.com\/index.php?rest_route=\/wp\/v2\/pages\/16\/revisions\/323"}],"wp:attachment":[{"href":"https:\/\/www.nanocomp.com\/index.php?rest_route=%2Fwp%2Fv2%2Fmedia&parent=16"}],"curies":[{"name":"wp","href":"https:\/\/api.w.org\/{rel}","templated":true}]}}