

{"id":194,"date":"2017-03-21T14:18:01","date_gmt":"2017-03-21T13:18:01","guid":{"rendered":"http:\/\/www.nanocomp.com\/?page_id=194"},"modified":"2017-03-28T17:06:16","modified_gmt":"2017-03-28T15:06:16","slug":"dab-transmitter","status":"publish","type":"page","link":"https:\/\/www.nanocomp.com\/?page_id=194","title":{"rendered":"DAB Produkt\u00fcbersicht"},"content":{"rendered":"<p>Die Firma Nano-Comp bietet seit dem 1. Februar 2017 ein Serie DAB Transmitter an. Von 10 bis 1000 Watt gibt es einsatzfertige Sendeanlagen. Dar\u00fcberhinaus sind die Komponenten auch einzeln erh\u00e4ltlich.<\/p>\n<h2><strong>Produkt\u00fcbersicht<\/strong><\/h2>\n<p><strong><a href=\"http:\/\/www.nanocomp.com\/?page_id=204 \">Linearverst\u00e4rker<\/a><\/strong><br \/>\n<em> Kompakte Linearverst\u00e4rker f\u00fcr Small-Scale-DAB\/DAB+-Sendeanlagen.<\/em><\/p>\n<p>100 Watt 3B0K1B DAB VHF BIII Verst\u00e4rker<br \/>\n250 Watt 3B0K3B DAB VHF BIII Verst\u00e4rker<br \/>\n500 Watt 3B0K5B DAB VHF BIII Verst\u00e4rker<br \/>\n1000 Watt 3B1K0B DAB VHF BIII Verst\u00e4rker<\/p>\n<p><strong><a href=\"http:\/\/www.nanocomp.com\/?page_id=261\">DAB Low Power DAB\/DAB+ Transmitter<\/a><\/strong><br \/>\n<em> Kompakte Transmitter mit Modulator und adaptiver Precorrection f\u00fcr energieffiziente DAB\/DAB+-Sendeanlagen.<\/em><\/p>\n<p>10 Watt 3B0K0A DAB\/DAB+ VHF BIII Transmitter<br \/>\n100 Watt 3B0K1A DAB\/DAB+ VHF BIII Transmitter<br \/>\n250 Watt 3B0K3A DAB\/DAB+ VHF BIII Transmitter<br \/>\n500 Watt 3B0K5A DAB\/DAB+ VHF BIII Transmitter<br \/>\n1000 Watt 3B1K0A DAB\/DAB+ VHF BIII Transmitter<\/p>\n<p><strong>DAB VHF BIII Bandpassfilter<\/strong><br \/>\n<em> Die passenden Filter zu ihrer DAB\/DAB+-Sendeanlage.<\/em><\/p>\n<p>250 Watt<br \/>\n750 Watt<br \/>\n1500 Watt<\/p>\n<p><strong>Encoder\/Multiplexer Box<\/strong><br \/>\n<em> Kompakter Multiplex mit integriertem Encoder zur direkten Verarbeitung von MP3\/AAC+-Streams.<\/em><\/p>\n<p><strong>Boxed DAB Transmission (BDT)<\/strong><br \/>\n<em>Kompakte Sendeeinheit bestehend aus Encoder, Multiplexer, Modulator, Verst\u00e4rker und Antennenfilter.<\/em><br \/>\n<em> Einschalten und loslegen&#8230;<\/em><\/p>\n<p>100 Watt BDT0K1A DAB\/DAB+ VHF BIII Box<br \/>\n250 Watt BDT0K3A DAB\/DAB+ VHF BIII Box<br \/>\n500 Watt BDT0K3A DAB\/DAB+ VHF BIII Box<br \/>\n1000 Watt BDT0K3A DAB\/DAB+ VHF BIII Box<\/p>\n","protected":false},"excerpt":{"rendered":"<p>Die Firma Nano-Comp bietet seit dem 1. Februar 2017 ein Serie DAB Transmitter an. Von 10 bis 1000 Watt gibt es einsatzfertige Sendeanlagen. Dar\u00fcberhinaus sind die Komponenten auch einzeln erh\u00e4ltlich. Produkt\u00fcbersicht Linearverst\u00e4rker Kompakte Linearverst\u00e4rker f\u00fcr Small-Scale-DAB\/DAB+-Sendeanlagen. 100 Watt 3B0K1B DAB VHF BIII Verst\u00e4rker 250 Watt 3B0K3B DAB VHF BIII Verst\u00e4rker 500 Watt 3B0K5B DAB VHF [&hellip;]<\/p>\n","protected":false},"author":1,"featured_media":0,"parent":0,"menu_order":0,"comment_status":"closed","ping_status":"open","template":"","meta":{"footnotes":""},"_links":{"self":[{"href":"https:\/\/www.nanocomp.com\/index.php?rest_route=\/wp\/v2\/pages\/194"}],"collection":[{"href":"https:\/\/www.nanocomp.com\/index.php?rest_route=\/wp\/v2\/pages"}],"about":[{"href":"https:\/\/www.nanocomp.com\/index.php?rest_route=\/wp\/v2\/types\/page"}],"author":[{"embeddable":true,"href":"https:\/\/www.nanocomp.com\/index.php?rest_route=\/wp\/v2\/users\/1"}],"replies":[{"embeddable":true,"href":"https:\/\/www.nanocomp.com\/index.php?rest_route=%2Fwp%2Fv2%2Fcomments&post=194"}],"version-history":[{"count":8,"href":"https:\/\/www.nanocomp.com\/index.php?rest_route=\/wp\/v2\/pages\/194\/revisions"}],"predecessor-version":[{"id":291,"href":"https:\/\/www.nanocomp.com\/index.php?rest_route=\/wp\/v2\/pages\/194\/revisions\/291"}],"wp:attachment":[{"href":"https:\/\/www.nanocomp.com\/index.php?rest_route=%2Fwp%2Fv2%2Fmedia&parent=194"}],"curies":[{"name":"wp","href":"https:\/\/api.w.org\/{rel}","templated":true}]}}