

{"id":204,"date":"2017-03-21T15:42:31","date_gmt":"2017-03-21T14:42:31","guid":{"rendered":"http:\/\/www.nanocomp.com\/?page_id=204"},"modified":"2018-08-14T12:39:26","modified_gmt":"2018-08-14T10:39:26","slug":"dab-linearverstaerker","status":"publish","type":"page","link":"https:\/\/www.nanocomp.com\/?page_id=204","title":{"rendered":"DAB Linearverst\u00e4rker"},"content":{"rendered":"<p>Low Power Linearverst\u00e4rker in kompakter Bauform zwischen 2 und 5 HE f\u00fcr den Betrieb kosteng\u00fcnstiger Small-Scale-DAB\/DAB+Sendeanlagen mit einer Leistung von 100 Watt bis 1000 Watt. Die Konfiguration erfolgt per USB \u00fcber den PC.<br \/>\n<a href=\"https:\/\/www.nanocomp.com\/wp-content\/uploads\/2017\/03\/DAB-500W-1kW-Amplifier.jpg\"><img loading=\"lazy\" decoding=\"async\" src=\"https:\/\/www.nanocomp.com\/wp-content\/uploads\/2017\/03\/DAB-500W-1kW-Amplifier-1024x462.jpg\" alt=\"DAB 500W-1kW Amplifier\" width=\"600\" height=\"270\" class=\"alignnone size-large wp-image-211\" srcset=\"https:\/\/www.nanocomp.com\/wp-content\/uploads\/2017\/03\/DAB-500W-1kW-Amplifier-1024x462.jpg 1024w, https:\/\/www.nanocomp.com\/wp-content\/uploads\/2017\/03\/DAB-500W-1kW-Amplifier-300x135.jpg 300w, https:\/\/www.nanocomp.com\/wp-content\/uploads\/2017\/03\/DAB-500W-1kW-Amplifier.jpg 1181w\" sizes=\"(max-width: 600px) 100vw, 600px\" \/><\/a><\/p>\n<p>Das Eingangssignal wird \u00fcber eine BNC-Buchse zugef\u00fchrt. Das Ausgangssignal (Antennenanschluss) steht \u00fcber eine N-Buchse zur Verf\u00fcgung.<\/p>\n<p>Alle Betriebsparameter inklusive Ausgangsleistung und Temperatur k\u00f6nnen \u00fcberwacht werden.<\/p>\n<table style=\"border-spacing: 0;\" border=\"0\" width=\"100%\">\n<thead>\n<tr>\n<th colspan=\"5\" align=\"center\" bgcolor=\"#939300\">TECHNISCHE DATEN<\/th>\n<\/tr>\n<\/thead>\n<tbody>\n<tr>\n<td>FREQUENZBEREICH<\/td>\n<td colspan=\"4\">VHF BIII (174\u2013240 MHZ)<\/td>\n<\/tr>\n<tr>\n<td bgcolor=\"#d9d9d9\">STANDARDS<\/td>\n<td colspan=\"4\" bgcolor=\"#d9d9d9\">DAB: EN 300 401 v1.4.1<br \/>DMB: EN TS 102 428 v1.1.1<\/td>\n<\/tr>\n<tr>\n<\/tr>\n<tr>\n<td>EINGANG<\/td>\n<td colspan=\"4\">BNC-Anschluss -6dBm, +-3dB<\/td>\n<\/tr>\n<tr>\n<td bgcolor=\"#d9d9d9\">BETRIEBSTEMPERATUR<\/td>\n<td colspan=\"4\" bgcolor=\"#d9d9d9\">-5\u00b0C bis 45\u00b0C<\/td>\n<\/tr>\n<tr>\n<td>LUFTFEUCHTIGKEIT<\/td>\n<td colspan=\"4\">95% nicht kondensierend<\/td>\n<\/tr>\n<tr>\n<td bgcolor=\"#d9d9d9\">INSTALLATIONSH\u00d6HE<\/td>\n<td colspan=\"4\" bgcolor=\"#d9d9d9\">bis zu 3000m \u00fcber NN<\/td>\n<\/tr>\n<tr>\n<td>SICHERHEIT<\/td>\n<td colspan=\"4\">EN 60215<\/td>\n<\/tr>\n<tr>\n<td colspan=\"5\" align=\"center\" bgcolor=\"#939300\">HF-SPEZIFIKATIONEN<\/td>\n<\/tr>\n<tr>\n<td>DAB-MODI<\/td>\n<td colspan=\"4\">I, II, III, IV<\/td>\n<\/tr>\n<tr>\n<td bgcolor=\"#d9d9d9\">BETRIEBSMODI<\/td>\n<td colspan=\"4\" bgcolor=\"#d9d9d9\">MFN, SFN<\/td>\n<\/tr>\n<tr>\n<td>SCHULTER<\/td>\n<td colspan=\"4\">typischerweise &gt; 30 dB (vor Maskenfilter)<\/td>\n<\/tr>\n<tr>\n<td bgcolor=\"#d9d9d9\">MER<\/td>\n<td colspan=\"4\" bgcolor=\"#d9d9d9\">typischerweise &gt; 30dB<\/td>\n<\/tr>\n<tr>\n<td>VSWR<\/td>\n<td colspan=\"4\">1.4<\/td>\n<\/tr>\n<tr>\n<td bgcolor=\"#d9d9d9\">HF-EMISSION<\/td>\n<td colspan=\"4\" bgcolor=\"#d9d9d9\">EN 302 077 1-2<\/td>\n<\/tr>\n<tr>\n<td colspan=\"5\" bgcolor=\"#939300\" align=\"center\">\nREFERENZFREQUENZEN\n<\/td>\n<\/tr>\n<tr>\n<td>INTEGRIERTE REFERENZ<\/td>\n<td colspan=\"4\">10MHZ OCXO<\/td>\n<\/tr>\n<tr>\n<td bgcolor=\"#d9d9d9\">EXTERNE REFERENZ<\/td>\n<td colspan=\"4\" bgcolor=\"#d9d9d9\">10MHZ, 1PPS<\/td>\n<\/tr>\n<tr>\n<td>FREQUENZSTABILIT\u00c4T<\/td>\n<td colspan=\"4\">kleiner 1&#215;10 \u0304\u2079 (\u00fcber 24 Stunden)<\/td>\n<\/tr>\n<tr>\n<td colspan=\"5\" bgcolor=\"#939300\" align=\"center\">\nVERF\u00dcGBARE OPTIONEN\n<\/td>\n<\/tr>\n<tr>\n<td colspan=\"5\">MASKENFILTER<\/td>\n<\/tr>\n<tr>\n<td colspan=\"5\" align=\"center\" bgcolor=\"#939300\">MODELLE<\/td>\n<\/tr>\n<tr>\n<td>HF-AUSGANGSLEISTUNG<\/td>\n<td>100W<\/td>\n<td>250W<\/td>\n<td>500W<\/td>\n<td>1000W<\/td>\n<\/tr>\n<tr>\n<td bgcolor=\"#d9d9d9\">GR\u00d6SSE<\/td>\n<td bgcolor=\"#d9d9d9\">2 HE 19\u201d<\/td>\n<td bgcolor=\"#d9d9d9\">2 HE 19\u201d<\/td>\n<td bgcolor=\"#d9d9d9\">3 HE 19\u201d<\/td>\n<td bgcolor=\"#d9d9d9\">5 HE 19\u201d<\/td>\n<\/tr>\n<tr>\n<td>HF-AUSGANG<\/td>\n<td>7\/16\u201d<\/td>\n<td>7\/16\u201d<\/td>\n<td>7\/16\u201d<\/td>\n<td>7\/16\u201d<\/td>\n<\/tr>\n<tr>\n<td bgcolor=\"#d9d9d9\">BETRIEBSSPANNUNG<\/td>\n<td bgcolor=\"#d9d9d9\">90\u00f7264V<\/td>\n<td bgcolor=\"#d9d9d9\">90\u00f7264V<\/td>\n<td bgcolor=\"#d9d9d9\">90\u00f7264V<\/td>\n<td bgcolor=\"#d9d9d9\">90\u00f7264V<\/td>\n<\/tr>\n<\/tbody>\n<\/table>\n","protected":false},"excerpt":{"rendered":"<p>Low Power Linearverst\u00e4rker in kompakter Bauform zwischen 2 und 5 HE f\u00fcr den Betrieb kosteng\u00fcnstiger Small-Scale-DAB\/DAB+Sendeanlagen mit einer Leistung von 100 Watt bis 1000 Watt. Die Konfiguration erfolgt per USB \u00fcber den PC. Das Eingangssignal wird \u00fcber eine BNC-Buchse zugef\u00fchrt. Das Ausgangssignal (Antennenanschluss) steht \u00fcber eine N-Buchse zur Verf\u00fcgung. Alle Betriebsparameter inklusive Ausgangsleistung und Temperatur [&hellip;]<\/p>\n","protected":false},"author":1,"featured_media":0,"parent":0,"menu_order":0,"comment_status":"closed","ping_status":"open","template":"","meta":{"footnotes":""},"_links":{"self":[{"href":"https:\/\/www.nanocomp.com\/index.php?rest_route=\/wp\/v2\/pages\/204"}],"collection":[{"href":"https:\/\/www.nanocomp.com\/index.php?rest_route=\/wp\/v2\/pages"}],"about":[{"href":"https:\/\/www.nanocomp.com\/index.php?rest_route=\/wp\/v2\/types\/page"}],"author":[{"embeddable":true,"href":"https:\/\/www.nanocomp.com\/index.php?rest_route=\/wp\/v2\/users\/1"}],"replies":[{"embeddable":true,"href":"https:\/\/www.nanocomp.com\/index.php?rest_route=%2Fwp%2Fv2%2Fcomments&post=204"}],"version-history":[{"count":7,"href":"https:\/\/www.nanocomp.com\/index.php?rest_route=\/wp\/v2\/pages\/204\/revisions"}],"predecessor-version":[{"id":347,"href":"https:\/\/www.nanocomp.com\/index.php?rest_route=\/wp\/v2\/pages\/204\/revisions\/347"}],"wp:attachment":[{"href":"https:\/\/www.nanocomp.com\/index.php?rest_route=%2Fwp%2Fv2%2Fmedia&parent=204"}],"curies":[{"name":"wp","href":"https:\/\/api.w.org\/{rel}","templated":true}]}}