

{"id":23,"date":"2009-10-08T12:23:50","date_gmt":"2009-10-08T10:23:50","guid":{"rendered":"http:\/\/www.nanocomp.com\/?page_id=23"},"modified":"2025-11-26T16:40:21","modified_gmt":"2025-11-26T15:40:21","slug":"produkte-dienstleistungen","status":"publish","type":"page","link":"https:\/\/www.nanocomp.com\/?page_id=23","title":{"rendered":"Dienstleistungen"},"content":{"rendered":"<p>Wir bauen Ihre IT Struktur auf und betreuen sie<br \/>\nVon der Planung \u00fcber der Realisierung bis zum Betreiben Ihrer IT Infrastruktur helfen und betreuen wir Ihr Unternehmen. Wir beraten Sie bei der Anschaffung der Server und der Arbeitspl\u00e4tze. Bei den Serverbetriebssystemen setzen wir haupts\u00e4chlich auf freie Betriebsysteme wie z.B. Linux (SuSE, Debian Ubuntu oder RedHat). Unsere Erfahrung nach laufen diese Systeme wartungsarm und stabil und sind somit preiswert in den Wartungskosten. Je nach Ihren Anforderungen setzen wir aber auch Windows Server ein.<\/p>\n<p><a href=\"http:\/\/de.wikipedia.org\/wiki\/Wide_Area_Network\" target=\"new\" rel=\"noopener\">WAN<\/a>, <a href=\"http:\/\/de.wikipedia.org\/wiki\/Local_Area_Network\" target=\"new\" rel=\"noopener\">LAN<\/a> und <a href=\"http:\/\/de.wikipedia.org\/wiki\/Local_Area_Network\" target=\"new\" rel=\"noopener\">VPN<\/a><br \/>\nWir verbinden Ihre Betriebsst\u00e4tten untereinander und schlie\u00dfen sowohl Heimarbeitspl\u00e4tze als auch Au\u00dfenvertriebsmitarbeiter an Ihre Firmenzentrale an. Diese Verbindungen werden meistens sicher durch das Internet mit Hilfe eines VPNs <a href=\"http:\/\/de.wikipedia.org\/wiki\/VPN-Tunnel\" target=\"new\" rel=\"noopener\">getunnelt<\/a>, damit kein Fremder an Ihre wertvollen Daten gelangen kann. Auch ein Au\u00dfenvertriebsmitarbeiter kann z.B. von einem Hotel aus sicher mit den Servern in der Firma kommunizieren ohne Angst haben zu m\u00fcssen.<\/p>\n<p>Unsere Infrastruktur<br \/>\nIn K\u00f6ln betreiben wir 2 Serverlocationen. Die erste ist im Rechenzentrum von Netcologne untergebracht und die zweite Location ist in K\u00f6ln Poll an die QSC angeschlossen. Dadurch k\u00f6nnen wir eigene <a href=\"http:\/\/de.wikipedia.org\/wiki\/Domain_Name_System\" target=\"new&quot;\" rel=\"noopener\">DNS<\/a>-, <a href=\"http:\/\/de.wikipedia.org\/wiki\/Mailserver\" target=\"new\" rel=\"noopener\">Mail<\/a>-, <a href=\"http:\/\/de.wikipedia.org\/wiki\/FTP_Server\" target=\"new\" rel=\"noopener\">FTP<\/a>&#8211; und <a href=\"http:\/\/de.wikipedia.org\/wiki\/World_Wide_Web\" target=\"new\" rel=\"noopener\">Web<\/a>&#8211; Server betreiben. Die <a href=\"http:\/\/de.wikipedia.org\/wiki\/Domain_Name_System\" target=\"new\" rel=\"noopener\">DNS<\/a>&#8211; und <a href=\"http:\/\/de.wikipedia.org\/wiki\/Mailserver\" target=\"new\" rel=\"noopener\">Mail<\/a>&#8211; Server sind redundant, d.h. im Falle eines Ausfalls \u00fcbernimmt jeweils die andere Location die Aufgaben. Diese Serverdienste werden von unseren Kunden genutzt und m\u00fcssen nicht von Dritten hinzugekauft werden.<\/p>\n<p>Telefonie<br \/>\nIn dem Rechenzentrum der Netcologne betreiben wir einen eigenen <a href=\"http:\/\/de.wikipedia.org\/wiki\/IP-Telefonie\" target=\"new\" rel=\"noopener\">VOIP<\/a> Telefon-Server. Damit sind wir in der Lage Ihre Betriebsst\u00e4tten mit Telefonie zu verbinden. Das System funktioniert weltweit, d.h. Sie k\u00f6nnen ein <a href=\"http:\/\/de.wikipedia.org\/wiki\/SIP-Telefon\" target=\"new\" rel=\"noopener\">VOIP Telefon<\/a> auch in Asien an das Internet anschlie\u00dfen und es dann wie eine Nebenstelle Ihrer Telefonanlage anschlie\u00dfen. Sollte Ihre Telefonanlage kein VOIP unterst\u00fctzen, kann ein localer Server diese Aufgabe \u00fcbernehmen.<\/p>\n<p>Server Housing und Ihr Auftritt im Internet<\/p>\n<p>Unsere Servicepreise<br \/>\nNetzwerk, VPN, Firewall Leistungen: 175,00 \u20ac pro angefangene Stunde<br \/>\nServer, Storage, Linux Leistungen: 175,00 \u20ac pro angefangene Stunde<br \/>\nWindowsarbeitsplatz: 175,00 \u20ac pro angefangene Stunde<br \/>\nAnfahrt in der Region: 40\u20ac<\/p>\n<p>Leistungen von 18:00 bis 09:00 Uhr an Arbeitstagen, sowie Samstags, Sonntags und an Feiertagen 285,00 \u20ac pro angefangene Stunden<\/p>\n<p>Vertragskunden haben extra Konditionen.<\/p>\n","protected":false},"excerpt":{"rendered":"<p>Wir bauen Ihre IT Struktur auf und betreuen sie Von der Planung \u00fcber der Realisierung bis zum Betreiben Ihrer IT Infrastruktur helfen und betreuen wir Ihr Unternehmen. Wir beraten Sie bei der Anschaffung der Server und der Arbeitspl\u00e4tze. Bei den Serverbetriebssystemen setzen wir haupts\u00e4chlich auf freie Betriebsysteme wie z.B. Linux (SuSE, Debian Ubuntu oder RedHat). [&hellip;]<\/p>\n","protected":false},"author":1,"featured_media":0,"parent":0,"menu_order":0,"comment_status":"open","ping_status":"open","template":"","meta":{"footnotes":""},"_links":{"self":[{"href":"https:\/\/www.nanocomp.com\/index.php?rest_route=\/wp\/v2\/pages\/23"}],"collection":[{"href":"https:\/\/www.nanocomp.com\/index.php?rest_route=\/wp\/v2\/pages"}],"about":[{"href":"https:\/\/www.nanocomp.com\/index.php?rest_route=\/wp\/v2\/types\/page"}],"author":[{"embeddable":true,"href":"https:\/\/www.nanocomp.com\/index.php?rest_route=\/wp\/v2\/users\/1"}],"replies":[{"embeddable":true,"href":"https:\/\/www.nanocomp.com\/index.php?rest_route=%2Fwp%2Fv2%2Fcomments&post=23"}],"version-history":[{"count":20,"href":"https:\/\/www.nanocomp.com\/index.php?rest_route=\/wp\/v2\/pages\/23\/revisions"}],"predecessor-version":[{"id":564,"href":"https:\/\/www.nanocomp.com\/index.php?rest_route=\/wp\/v2\/pages\/23\/revisions\/564"}],"wp:attachment":[{"href":"https:\/\/www.nanocomp.com\/index.php?rest_route=%2Fwp%2Fv2%2Fmedia&parent=23"}],"curies":[{"name":"wp","href":"https:\/\/api.w.org\/{rel}","templated":true}]}}