

{"id":295,"date":"2017-05-15T14:49:19","date_gmt":"2017-05-15T12:49:19","guid":{"rendered":"http:\/\/www.nanocomp.com\/?page_id=295"},"modified":"2018-04-12T13:03:43","modified_gmt":"2018-04-12T11:03:43","slug":"fm-produktuebersicht","status":"publish","type":"page","link":"https:\/\/www.nanocomp.com\/?page_id=295","title":{"rendered":"FM Produkt\u00fcbersicht"},"content":{"rendered":"<p>Die Firma Nano-Comp bietet seit dem 1. Februar 2017 ein Serie FM Transmitter an. Von 100 bis 2000 Watt gibt es einsatzfertige Sendeanlagen. Gr\u00f6\u00dfere Sendeanlagen auf Anfrage.<\/p>\n<h2><strong>Produkt\u00fcbersicht<\/strong><\/h2>\n<p><strong><a href=\"https:\/\/www.nanocomp.com\/?page_id=303\">FM Sender B-Line<\/a><\/strong><br \/>\n<em>Kompakte, analoge FM-Sendeanlagen.<\/em><\/p>\n<p>100 Watt 2A0K1B FM Sender, B-Line<br \/>\n500 Watt 2A0K5B FM Sender, B-Line<br \/>\n1000 Watt 2A1K0B FM Sender, B-Line<br \/>\n2000 Watt 2A2K0B FM Sender, B-Line<\/p>\n<p><strong><a href=\"https:\/\/www.nanocomp.com\/?page_id=310\">FM Sender A-Line<\/a><\/strong><br \/>\n<em>Kompakte, volldigitale FM-Sendeanlagen mit Stereo und RDS.<\/em><\/p>\n<p>100 Watt 2A0K1A FM Sender, A-Line<br \/>\n500 Watt 2A0K5A FM Sender, A-Line<br \/>\n1000 Watt 2A1K0A FM Sender, A-Line<br \/>\n2000 Watt 2A2K0A FM Sender, A-Line<\/p>\n<p><strong>FM-Filter<\/strong><br \/>\n<em>von 250W bis 20KW auf Anfrage lieferbar.<\/em>\t \t <\/p>\n","protected":false},"excerpt":{"rendered":"<p>Die Firma Nano-Comp bietet seit dem 1. Februar 2017 ein Serie FM Transmitter an. Von 100 bis 2000 Watt gibt es einsatzfertige Sendeanlagen. Gr\u00f6\u00dfere Sendeanlagen auf Anfrage. Produkt\u00fcbersicht FM Sender B-Line Kompakte, analoge FM-Sendeanlagen. 100 Watt 2A0K1B FM Sender, B-Line 500 Watt 2A0K5B FM Sender, B-Line 1000 Watt 2A1K0B FM Sender, B-Line 2000 Watt 2A2K0B [&hellip;]<\/p>\n","protected":false},"author":1,"featured_media":0,"parent":0,"menu_order":0,"comment_status":"closed","ping_status":"open","template":"","meta":{"footnotes":""},"_links":{"self":[{"href":"https:\/\/www.nanocomp.com\/index.php?rest_route=\/wp\/v2\/pages\/295"}],"collection":[{"href":"https:\/\/www.nanocomp.com\/index.php?rest_route=\/wp\/v2\/pages"}],"about":[{"href":"https:\/\/www.nanocomp.com\/index.php?rest_route=\/wp\/v2\/types\/page"}],"author":[{"embeddable":true,"href":"https:\/\/www.nanocomp.com\/index.php?rest_route=\/wp\/v2\/users\/1"}],"replies":[{"embeddable":true,"href":"https:\/\/www.nanocomp.com\/index.php?rest_route=%2Fwp%2Fv2%2Fcomments&post=295"}],"version-history":[{"count":8,"href":"https:\/\/www.nanocomp.com\/index.php?rest_route=\/wp\/v2\/pages\/295\/revisions"}],"predecessor-version":[{"id":320,"href":"https:\/\/www.nanocomp.com\/index.php?rest_route=\/wp\/v2\/pages\/295\/revisions\/320"}],"wp:attachment":[{"href":"https:\/\/www.nanocomp.com\/index.php?rest_route=%2Fwp%2Fv2%2Fmedia&parent=295"}],"curies":[{"name":"wp","href":"https:\/\/api.w.org\/{rel}","templated":true}]}}