

{"id":42,"date":"2009-10-08T16:50:37","date_gmt":"2009-10-08T14:50:37","guid":{"rendered":"http:\/\/www.nanocomp.com\/?page_id=42"},"modified":"2022-02-25T14:44:25","modified_gmt":"2022-02-25T13:44:25","slug":"uber-nano-comp","status":"publish","type":"page","link":"https:\/\/www.nanocomp.com\/?page_id=42","title":{"rendered":"\u00dcber Nano-Comp"},"content":{"rendered":"<p>Die Nano-Comp electronic GmbH entstand 1989 aus der schon 1984 gegr\u00fcndeten Grosse EDV. Der Sitz war bis 1995 in K\u00f6ln. Die Gr\u00fcnder waren Markus Hettlich und Moritz Grosse. Die Firma war 2 gleisig ausgerichtet. Bis 1994 importierte die Nano-Comp elektronische Bauteile und PC Platinen aus Taiwan und Singapur und verkaufte sie unter der eigenen Marke nano-comp. Neben dem Importgesch\u00e4ft gab es noch den Dienstleistungszweig. Die Nano-Comp baute Novell Netware gest\u00fctzte Netzwerke und entwickelte mit der in D\u00fcsseldorf sitzenden Level Plus GmbH BTX und Videolaserdisk gesteuerte multimediale Anwendungen (den Begriff gab es eigentlich noch nicht) f\u00fcr Sony, Philips, NCR und VW. Das Produkt hie\u00df Vidis (Video Dialog System)<\/p>\n<p>1995 wurde der Sitz der Firma nach Pulheim verlegt und Herr Hettlich verlie\u00df die Firma. Der Arbeitsschwerpunkt war jetzt Beratung und Netzwerksupport. Auch das Internet wurde immer wichtiger. 1998 wurde der erste eigene Internet Server in Betrieb genommen. 2001 wurde dann mit der <a href=\"http:\/\/www.klicman.de\" target=\"new\">Klicman Consulting<\/a> das erste kleine Data Center in K\u00f6ln Poll aufgebaut.<\/p>\n<p>2002 wurde\u00a0 mit weiteren Gesellschaftern aus der Medienscene die <a href=\"http:\/\/www.popdata.de\" target=\"new\">PopData<\/a> gegr\u00fcndet. Ein Teil der Gesellschafter stammte aus dem Umfeld der Popkomm. Im gleichen Jahr wurde die zweite Serverlocation im Rechenzentrum der Netcologne aufgebaut.<\/p>\n<p>2012 Mit N-AUDIO startet die Nano-Comp einen Content- und Audio Nachrichtendienst f\u00fcr Radiosender und Internetauftritte. Dieser Bereich soll schnell ausgebaut werden. <\/p>\n<p>2017 ging gemeinsam mit der Central FM Media GmbH der lokale Radiosender <a href=\"https:\/\/www.antennepulheim.de\" rel=\"noopener\" target=\"_blank\">Antenne Pulheim<\/a> auf 97,2 MHz on Air.<\/p>\n","protected":false},"excerpt":{"rendered":"<p>Die Nano-Comp electronic GmbH entstand 1989 aus der schon 1984 gegr\u00fcndeten Grosse EDV. Der Sitz war bis 1995 in K\u00f6ln. Die Gr\u00fcnder waren Markus Hettlich und Moritz Grosse. Die Firma war 2 gleisig ausgerichtet. Bis 1994 importierte die Nano-Comp elektronische Bauteile und PC Platinen aus Taiwan und Singapur und verkaufte sie unter der eigenen Marke [&hellip;]<\/p>\n","protected":false},"author":1,"featured_media":0,"parent":0,"menu_order":0,"comment_status":"open","ping_status":"open","template":"","meta":{"footnotes":""},"_links":{"self":[{"href":"https:\/\/www.nanocomp.com\/index.php?rest_route=\/wp\/v2\/pages\/42"}],"collection":[{"href":"https:\/\/www.nanocomp.com\/index.php?rest_route=\/wp\/v2\/pages"}],"about":[{"href":"https:\/\/www.nanocomp.com\/index.php?rest_route=\/wp\/v2\/types\/page"}],"author":[{"embeddable":true,"href":"https:\/\/www.nanocomp.com\/index.php?rest_route=\/wp\/v2\/users\/1"}],"replies":[{"embeddable":true,"href":"https:\/\/www.nanocomp.com\/index.php?rest_route=%2Fwp%2Fv2%2Fcomments&post=42"}],"version-history":[{"count":15,"href":"https:\/\/www.nanocomp.com\/index.php?rest_route=\/wp\/v2\/pages\/42\/revisions"}],"predecessor-version":[{"id":385,"href":"https:\/\/www.nanocomp.com\/index.php?rest_route=\/wp\/v2\/pages\/42\/revisions\/385"}],"wp:attachment":[{"href":"https:\/\/www.nanocomp.com\/index.php?rest_route=%2Fwp%2Fv2%2Fmedia&parent=42"}],"curies":[{"name":"wp","href":"https:\/\/api.w.org\/{rel}","templated":true}]}}